{"id":156,"date":"2018-08-20T11:27:10","date_gmt":"2018-08-20T11:27:10","guid":{"rendered":"http:\/\/www.omniglot.com\/radio\/?page_id=156"},"modified":"2022-11-26T14:06:41","modified_gmt":"2022-11-26T14:06:41","slug":"links","status":"publish","type":"page","link":"https:\/\/www.omniglot.com\/radio\/?page_id=156","title":{"rendered":"Links"},"content":{"rendered":"<h2>Podcasts<\/h2>\n<p>Other podcasts about language and linguistics<\/p>\n<p><strong>Accentricity<\/strong> &#8211; a podcast about people and how they talk. About accents, and why people care about them. About languages, and how they refuse to be controlled<br \/>\n<a href=\"https:\/\/www.accentricity-podcast.com\/\">https:\/\/www.accentricity-podcast.com\/<\/a><\/p>\n<p><strong>The Actual Fluency Podcast<\/strong> &#8211; stories about learning languages, techniques and anecdotes from some of the world&#8217;s most accomplished polyglots<br \/>\n<a href=\"https:\/\/actualfluency.com\/actual-fluency-language-learning-podcast\/\">http:\/\/actualfluency.com\/<\/a><\/p>\n<p><strong>The Allusionist<\/strong> &#8211; a podcast about language by Helen Zaltzman<br \/>\n<a href=\"https:\/\/www.theallusionist.org\/\">https:\/\/www.theallusionist.org\/<\/a><\/p>\n<p><strong>A Way With Words<\/strong> &#8211; a podcast about language, linguistics, words, etc<br \/>\n<a href=\"https:\/\/www.waywordradio.org\/\">https:\/\/www.waywordradio.org\/<\/a><\/p>\n<p><strong>Because Language<\/strong> &#8211; a podcast about linguistics, the science of language. Linguists Daniel Midgley and Hedvig Skirg\u00e5rd \u2014 and smart person Ben Ainslie \u2014 tackle topics like language change, language and society, and language technology: <a href=\"http:\/\/becauselanguage.com\/\">http:\/\/becauselanguage.com\/<\/a><br \/>\n(Formerly: <a href=\"http:\/\/talkthetalkpodcast.com\/\">Talk the Talk<\/a>)<\/p>\n<p><strong>Conlangery Podcast<\/strong> &#8211; for language creators and enthusiasts of constructed languages<br \/>\n<a href=\"http:\/\/conlangery.com\/\">http:\/\/conlangery.com\/<\/a><\/p>\n<p><strong>The Fluent Show<\/strong> &#8211; a podcast about loving, living and learning languages<br \/>\n<a href=\"http:\/\/www.fluent.show\/\">http:\/\/www.fluent.show\/<\/a><\/p>\n<p><strong>I Will Teach You A Language<\/strong> &#8211; study hacks and mind tools for independent<br \/>\nlanguage learners<br \/>\n<a href=\"https:\/\/iwillteachyoualanguage.com\/podcast\">https:\/\/iwillteachyoualanguage.com\/podcast<\/a><\/p>\n<p><strong>Klog p\u00e5 Sprog<\/strong> &#8211; et program, der interesserer sig for, leger med og endevender det sprog, vi alle sammen taler til daglig. Adrian Hughes er v\u00e6rten, der sammen med et veloplagt panel, er helt vild med dansk. (in Danish)<br \/>\n<a href=\"https:\/\/www.dr.dk\/radio\/p1\/klog-pa-sprog\">https:\/\/www.dr.dk\/radio\/p1\/klog-pa-sprog<\/a><\/p>\n<p><strong>LangFM<\/strong> &#8211; about language and what people do with it<br \/>\n<a href=\"https:\/\/www.langfm.audio\/\">https:\/\/www.langfm.audio\/<\/a><\/p>\n<p><strong>Lexicon Valley<\/strong> &#8211; a podcast about language, from pet peeves, syntax, and etymology to neurolinguistics and the death of languages. Hosted by linguist John McWhorter<br \/>\n<a href=\"https:\/\/slate.com\/podcasts\/lexicon-valley\">https:\/\/slate.com\/podcasts\/lexicon-valley<\/a><\/p>\n<p><strong>Lexitecture<\/strong> &#8211; an education, history and linguistics podcast<br \/>\n<a href=\"http:\/\/www.lexitecture.com\/\">http:\/\/www.lexitecture.com\/<\/a><\/p>\n<p><strong>Lingthusiasm<\/strong> &#8211; a podcast that&#8217;s enthusiastic about linguistics<br \/>\n<a href=\"http:\/\/lingthusiasm.com\/\">http:\/\/lingthusiasm.com\/<\/a><\/p>\n<p><strong>Spr\u00e5ket<\/strong> &#8211; ett program om hur spr\u00e5ket anv\u00e4nds och f\u00f6r\u00e4ndras, om spr\u00e5kv\u00e5rd och om hur spr\u00e5k och samh\u00e4lle \u00f6msesidigt p\u00e5verkar varandra. (in Swedish)<br \/>\n<a href=\"https:\/\/sverigesradio.se\/spraket\">https:\/\/sverigesradio.se\/spraket<\/a><\/p>\n<p><strong>That&#8217;s What They Say<\/strong> &#8211; a podcast about language and words<br \/>\n<a href=\"http:\/\/www.npr.org\/podcasts\/381443663\/that-s-what-they-say\">http:\/\/www.npr.org\/podcasts\/381443663\/that-s-what-they-say<\/a><\/p>\n<p><strong>The Vocal Fries Pod<\/strong> &#8211;  a podcast about linguistic discrimination<br \/>\n<a href=\"https:\/\/vocalfriespod.com\/\">https:\/\/vocalfriespod.com<\/a><\/p>\n<p><strong>Words for Granted<\/strong> &#8211;  a podcast that looks at how words change over time<br \/>\n<a href=\"https:\/\/www.wordsforgranted.com\/\">https:\/\/www.wordsforgranted.com<\/a><\/p>\n<p><strong>The World in Words<\/strong> &#8211; a podcast about languages and the people who speak them<br \/>\n<a href=\"https:\/\/www.pri.org\/programs\/world-words\">https:\/\/www.pri.org\/programs\/world-words<\/a><\/p>\n<h2>Omniglot-related links<\/h2>\n<ul>\n<li><a href=\"http:\/\/www.omniglot.com\/\">Omniglot &#8211; the online encyclopedia of writing systems and languages<\/a><\/li>\n<li><a href=\"http:\/\/www.omniglot.com\/blog\/\">Omniglot blog<\/a><\/li>\n<li><a href=\"http:\/\/www.omniglot.com\/celtiadur\/\">Celtiadur<\/a> &#8211; exploring connections between Celtic languages<\/li>\n<li><a href=\"https:\/\/www.facebook.com\/Omniglot-100430558332117\">Omniglot Facebook page<\/a><\/li>\n<li><a href=\"https:\/\/www.facebook.com\/groups\/omniglot\/\">Omniglot Facebook Fan Club<\/a><\/li>\n<li><a href=\"http:\/\/www.youtube.com\/user\/omniglot\">Omniglot Youtube Channel<\/a><\/li>\n<li><a href=\"https:\/\/twitter.com\/Omniglossia\">Omniglot on Twitter<\/a><\/li>\n<li><a rel=\"me\" href=\"https:\/\/polyglot.city\/@omniglot\">Omniglot on Polyglot City (Mastodon)<br \/>\n<\/a><\/li>\n<li><a href=\"https:\/\/www.tiktok.com\/@ommiglot\">Omniglot on TikTok<\/a><\/li>\n<li><a href=\"https:\/\/soundcloud.com\/simon-ager\">My songs and tunes on SoundCloud<\/a><\/li>\n<li>My photos and videos on <a href=\"http:\/\/www.flickr.com\/photos\/omniglot\">Flickr<\/a> and <a href=\"https:\/\/www.instagram.com\/ieithgi\/\">Instragram<\/a><\/li>\n<\/ul>\n<p><a class=\"twitter-timeline\" data-height=\"800\" data-theme=\"light\" href=\"https:\/\/twitter.com\/Omniglossia?ref_src=twsrc%5Etfw\">Tweets by Omniglossia<\/a> <script async=\"\" src=\"https:\/\/platform.twitter.com\/widgets.js\" charset=\"utf-8\"><\/script><\/p>\n","protected":false},"excerpt":{"rendered":"<p>Podcasts Other podcasts about language and linguistics Accentricity &#8211; a podcast about people and how they talk. About accents, and why people care about them. About languages, and how they refuse to be controlled https:\/\/www.accentricity-podcast.com\/ The Actual Fluency Podcast &#8211; stories about learning languages, techniques and anecdotes from some of the world&#8217;s most accomplished polyglots [&hellip;]<\/p>\n","protected":false},"author":1,"featured_media":0,"parent":0,"menu_order":0,"comment_status":"closed","ping_status":"closed","template":"","meta":{"footnotes":""},"class_list":["post-156","page","type-page","status-publish","hentry"],"_links":{"self":[{"href":"https:\/\/www.omniglot.com\/radio\/index.php?rest_route=\/wp\/v2\/pages\/156","targetHints":{"allow":["GET"]}}],"collection":[{"href":"https:\/\/www.omniglot.com\/radio\/index.php?rest_route=\/wp\/v2\/pages"}],"about":[{"href":"https:\/\/www.omniglot.com\/radio\/index.php?rest_route=\/wp\/v2\/types\/page"}],"author":[{"embeddable":true,"href":"https:\/\/www.omniglot.com\/radio\/index.php?rest_route=\/wp\/v2\/users\/1"}],"replies":[{"embeddable":true,"href":"https:\/\/www.omniglot.com\/radio\/index.php?rest_route=%2Fwp%2Fv2%2Fcomments&post=156"}],"version-history":[{"count":26,"href":"https:\/\/www.omniglot.com\/radio\/index.php?rest_route=\/wp\/v2\/pages\/156\/revisions"}],"predecessor-version":[{"id":2366,"href":"https:\/\/www.omniglot.com\/radio\/index.php?rest_route=\/wp\/v2\/pages\/156\/revisions\/2366"}],"wp:attachment":[{"href":"https:\/\/www.omniglot.com\/radio\/index.php?rest_route=%2Fwp%2Fv2%2Fmedia&parent=156"}],"curies":[{"name":"wp","href":"https:\/\/api.w.org\/{rel}","templated":true}]}}